{"id":6721,"date":"2025-07-18T14:55:31","date_gmt":"2025-07-18T19:55:31","guid":{"rendered":"https:\/\/synergiepp.com\/registration-success\/"},"modified":"2025-12-02T18:55:45","modified_gmt":"2025-12-02T23:55:45","slug":"registration-success","status":"publish","type":"page","link":"https:\/\/synergiepp.com\/en\/registration-success\/","title":{"rendered":"Registration Success"},"content":{"rendered":"\t\t<div data-elementor-type=\"wp-page\" data-elementor-id=\"6721\" class=\"elementor elementor-6721 elementor-5914\">\n\t\t\t\t\t\t<section class=\"elementor-section elementor-top-section elementor-element elementor-element-6ef931c3 elementor-section-boxed elementor-section-height-default elementor-section-height-default\" data-id=\"6ef931c3\" data-element_type=\"section\" data-e-type=\"section\">\n\t\t\t\t\t\t<div class=\"elementor-container elementor-column-gap-default\">\n\t\t\t\t\t<div class=\"elementor-column elementor-col-100 elementor-top-column elementor-element elementor-element-5a563f82\" data-id=\"5a563f82\" data-element_type=\"column\" data-e-type=\"column\">\n\t\t\t<div class=\"elementor-widget-wrap elementor-element-populated\">\n\t\t\t\t\t\t<div class=\"elementor-element elementor-element-4313c6dd elementor-widget elementor-widget-text-editor\" data-id=\"4313c6dd\" data-element_type=\"widget\" data-e-type=\"widget\" data-widget_type=\"text-editor.default\">\n\t\t\t\t\t\t\t\t\t\n<p>Votre r\u00e9servation est bien compl\u00e9t\u00e9e.<\/p>\n<p>\u00a0<\/p>\n<p>On se voit bient\u00f4t.<\/p>\n\t\t\t\t\t\t\t\t<\/div>\n\t\t\t\t\t<\/div>\n\t\t<\/div>\n\t\t\t\t\t<\/div>\n\t\t<\/section>\n\t\t\t\t<\/div>\n\t\t","protected":false},"excerpt":{"rendered":"<p>Your reservation is confirmed. See you soon.<\/p>\n","protected":false},"author":490,"featured_media":0,"parent":0,"menu_order":0,"comment_status":"closed","ping_status":"closed","template":"","meta":{"_acf_changed":false,"_jet_sm_ready_style":"","_jet_sm_style":"","_jet_sm_controls_values":"","_jet_sm_fonts_collection":"","_jet_sm_fonts_links":"","footnotes":""},"class_list":["post-6721","page","type-page","status-publish","hentry"],"acf":[],"aioseo_notices":[],"_links":{"self":[{"href":"https:\/\/synergiepp.com\/en\/wp-json\/wp\/v2\/pages\/6721","targetHints":{"allow":["GET"]}}],"collection":[{"href":"https:\/\/synergiepp.com\/en\/wp-json\/wp\/v2\/pages"}],"about":[{"href":"https:\/\/synergiepp.com\/en\/wp-json\/wp\/v2\/types\/page"}],"author":[{"embeddable":true,"href":"https:\/\/synergiepp.com\/en\/wp-json\/wp\/v2\/users\/490"}],"replies":[{"embeddable":true,"href":"https:\/\/synergiepp.com\/en\/wp-json\/wp\/v2\/comments?post=6721"}],"version-history":[{"count":2,"href":"https:\/\/synergiepp.com\/en\/wp-json\/wp\/v2\/pages\/6721\/revisions"}],"predecessor-version":[{"id":7228,"href":"https:\/\/synergiepp.com\/en\/wp-json\/wp\/v2\/pages\/6721\/revisions\/7228"}],"wp:attachment":[{"href":"https:\/\/synergiepp.com\/en\/wp-json\/wp\/v2\/media?parent=6721"}],"curies":[{"name":"wp","href":"https:\/\/api.w.org\/{rel}","templated":true}]}}